{"id":2441,"date":"2025-10-16T13:23:31","date_gmt":"2025-10-16T13:23:31","guid":{"rendered":"https:\/\/biomasscentrale.com\/?page_id=2441"},"modified":"2025-12-03T07:49:08","modified_gmt":"2025-12-03T07:49:08","slug":"insights","status":"publish","type":"page","link":"https:\/\/biomasscentrale.com\/fr\/insights\/","title":{"rendered":"Perspectives"},"content":{"rendered":"<div data-elementor-type=\"wp-page\" data-elementor-id=\"2441\" class=\"elementor elementor-2441\">\n\t\t\t\t<div class=\"elementor-element elementor-element-19f25eb1 insight-banner e-flex e-con-boxed e-con e-parent\" data-id=\"19f25eb1\" data-element_type=\"container\" data-settings=\"{&quot;background_background&quot;:&quot;classic&quot;}\">\n\t\t\t\t\t<div class=\"e-con-inner\">\n\t\t<div class=\"elementor-element elementor-element-34697ae8 e-con-full e-flex e-con e-child\" data-id=\"34697ae8\" data-element_type=\"container\">\n\t\t\t\t<div class=\"elementor-element elementor-element-4c3fb742 elementor-invisible elementor-widget elementor-widget-heading\" data-id=\"4c3fb742\" data-element_type=\"widget\" data-settings=\"{&quot;_animation&quot;:&quot;fadeInDown&quot;,&quot;_animation_delay&quot;:200}\" data-widget_type=\"heading.default\">\n\t\t\t\t<div class=\"elementor-widget-container\">\n\t\t\t\t\t<h2 class=\"elementor-heading-title elementor-size-default\">Biomass Centrale<\/h2>\t\t\t\t<\/div>\n\t\t\t\t<\/div>\n\t\t\t\t<div class=\"elementor-element elementor-element-6964004a elementor-invisible elementor-widget elementor-widget-heading\" data-id=\"6964004a\" data-element_type=\"widget\" data-settings=\"{&quot;_animation&quot;:&quot;fadeInDown&quot;,&quot;_animation_delay&quot;:200}\" data-widget_type=\"heading.default\">\n\t\t\t\t<div class=\"elementor-widget-container\">\n\t\t\t\t\t<h2 class=\"elementor-heading-title elementor-size-default\">Perspectives et strat\u00e9gies <\/h2>\t\t\t\t<\/div>\n\t\t\t\t<\/div>\n\t\t\t\t<div class=\"elementor-element elementor-element-720c74ce elementor-invisible elementor-widget elementor-widget-heading\" data-id=\"720c74ce\" data-element_type=\"widget\" data-settings=\"{&quot;_animation&quot;:&quot;fadeIn&quot;,&quot;_animation_delay&quot;:400}\" data-widget_type=\"heading.default\">\n\t\t\t\t<div class=\"elementor-widget-container\">\n\t\t\t\t\t<h2 class=\"elementor-heading-title elementor-size-default\">Donn\u00e9es, d\u00e9cisions et dynamiques qui fa\u00e7onnent les cha\u00eenes d'approvisionnement en biomasse.<\/h2>\t\t\t\t<\/div>\n\t\t\t\t<\/div>\n\t\t\t\t<div class=\"book-demo-form elementor-element elementor-element-3f9adcb9 book-demo-form elementor-widget-tablet__width-inherit book-demo-form elementor-widget__width-initial elementor-widget elementor-widget-wpforms\" data-id=\"3f9adcb9\" data-element_type=\"widget\" data-settings=\"{&quot;_animation&quot;:&quot;none&quot;,&quot;_animation_delay&quot;:600}\" data-widget_type=\"wpforms.default\">\n\t\t\t\t<div class=\"elementor-widget-container\">\n\t\t\t\t\t<style id=\"wpforms-css-vars-elementor-widget-3f9adcb9\">\n\t\t\t\t.elementor-widget-wpforms.elementor-element-3f9adcb9 {\n\t\t\t\t--wpforms-field-border-radius: 8px;\n--wpforms-field-background-color: #FFFFFF33;\n--wpforms-field-border-color: #FFFFFF;\n--wpforms-field-border-color-spare: #FFFFFF;\n--wpforms-button-border-radius: 8px;\n--wpforms-button-background-color: #E3F988;\n--wpforms-button-text-color: #00403D;\n--wpforms-background-url: url( https:\/\/biomasscentrale.com\/wp-content\/plugins\/elementor\/assets\/images\/placeholder.png );\n--wpforms-field-size-input-height: 50px;\n--wpforms-field-size-input-spacing: 20px;\n--wpforms-field-size-font-size: 18px;\n--wpforms-field-size-line-height: 21px;\n--wpforms-field-size-padding-h: 14px;\n--wpforms-field-size-checkbox-size: 18px;\n--wpforms-field-size-sublabel-spacing: 10px;\n--wpforms-field-size-icon-size: 1.25;\n--wpforms-label-size-font-size: 18px;\n--wpforms-label-size-line-height: 21px;\n--wpforms-label-size-sublabel-font-size: 16px;\n--wpforms-label-size-sublabel-line-height: 19px;\n--wpforms-button-size-font-size: 20px;\n--wpforms-button-size-height: 48px;\n--wpforms-button-size-padding-h: 20px;\n--wpforms-button-size-margin-top: 15px;\n\t\t\t}\n\t\t\t<\/style><div class=\"wpforms-container wpforms-container-full wpforms-render-modern\" id=\"wpforms-2391\"><form id=\"wpforms-form-2391\" class=\"wpforms-validate wpforms-form wpforms-ajax-form\" data-formid=\"2391\" method=\"post\" enctype=\"multipart\/form-data\" action=\"\/fr\/wp-json\/wp\/v2\/pages\/2441\" data-token=\"25af1c9e60ba6da349799209f95972a9\" data-token-time=\"1777193429\" data-trp-original-action=\"\/fr\/wp-json\/wp\/v2\/pages\/2441\"><noscript class=\"wpforms-error-noscript\">Veuillez activer JavaScript dans votre navigateur pour remplir ce formulaire.<\/noscript><div id=\"wpforms-error-noscript\" style=\"display: none;\">Veuillez activer JavaScript dans votre navigateur pour remplir ce formulaire.<\/div><div class=\"wpforms-field-container\">\t\t<div id=\"wpforms-2391-field_2-container\"\n\t\t\tclass=\"wpforms-field wpforms-field-text\"\n\t\t\tdata-field-type=\"text\"\n\t\t\tdata-field-id=\"2\"\n\t\t\t>\n\t\t\t<label class=\"wpforms-field-label\" for=\"wpforms-2391-field_2\" >Email<\/label>\n\t\t\t<input type=\"text\" id=\"wpforms-2391-field_2\" class=\"wpforms-field-medium\" name=\"wpforms[fields][2]\" >\n\t\t<\/div>\n\t\t<div id=\"wpforms-2391-field_1-container\" class=\"wpforms-field wpforms-field-email\" data-field-id=\"1\"><label class=\"wpforms-field-label wpforms-label-hide\" for=\"wpforms-2391-field_1\" aria-hidden=\"false\">Email <span class=\"wpforms-required-label\" aria-hidden=\"true\">*<\/span><\/label><input type=\"email\" id=\"wpforms-2391-field_1\" class=\"wpforms-field-large wpforms-field-required\" name=\"wpforms[fields][1]\" placeholder=\"Entrez votre adresse e-mail professionnelle\" spellcheck=\"false\" aria-errormessage=\"wpforms-2391-field_1-error\" required><\/div><script>\n\t\t\t\t( function() {\n\t\t\t\t\tconst style = document.createElement( 'style' );\n\t\t\t\t\tstyle.appendChild( document.createTextNode( '#wpforms-2391-field_2-container { position: absolute !important; overflow: hidden !important; display: inline !important; height: 1px !important; width: 1px !important; z-index: -1000 !important; padding: 0 !important; } #wpforms-2391-field_2-container input { visibility: hidden; } #wpforms-conversational-form-page #wpforms-2391-field_2-container label { counter-increment: none; }' ) );\n\t\t\t\t\tdocument.head.appendChild( style );\n\t\t\t\t\tdocument.currentScript?.remove();\n\t\t\t\t} )();\n\t\t\t<\/script><\/div><!-- .wpforms-field-container --><div class=\"wpforms-submit-container\" ><input type=\"hidden\" name=\"wpforms[id]\" value=\"2391\"><input type=\"hidden\" name=\"page_title\" value=\"\"><input type=\"hidden\" name=\"page_url\" value=\"https:\/\/biomasscentrale.com\/fr\/wp-json\/wp\/v2\/pages\/2441\"><input type=\"hidden\" name=\"url_referer\" value=\"\"><button type=\"submit\" name=\"wpforms[submit]\" id=\"wpforms-submit-2391\" class=\"wpforms-submit\" data-alt-text=\"Sending...\" data-submit-text=\"Subscribe\" aria-live=\"assertive\" value=\"wpforms-submit\">Inscrivez-vous<\/button><img decoding=\"async\" src=\"https:\/\/biomasscentrale.com\/wp-content\/plugins\/wpforms-lite\/assets\/images\/submit-spin.svg\" class=\"wpforms-submit-spinner\" style=\"display: none;\" width=\"26\" height=\"26\" alt=\"Chargement en cours\"><\/div><input type=\"hidden\" name=\"trp-form-language\" value=\"fr\"\/><\/form><\/div>  <!-- .wpforms-container -->\t\t\t\t<\/div>\n\t\t\t\t<\/div>\n\t\t\t\t<\/div>\n\t\t\t\t\t<\/div>\n\t\t\t\t<\/div>\n\t\t<div class=\"elementor-element elementor-element-68e53a66 e-con-full e-flex e-con e-parent\" data-id=\"68e53a66\" data-element_type=\"container\" data-settings=\"{&quot;background_background&quot;:&quot;classic&quot;}\">\n\t\t\t\t<div class=\"elementor-element elementor-element-13445c8e elementor-invisible elementor-widget elementor-widget-shortcode\" data-id=\"13445c8e\" data-element_type=\"widget\" data-settings=\"{&quot;_animation&quot;:&quot;fadeIn&quot;,&quot;_animation_delay&quot;:700}\" data-widget_type=\"shortcode.default\">\n\t\t\t\t<div class=\"elementor-widget-container\">\n\t\t\t\t\t\t\t<div class=\"elementor-shortcode\">\n <style>\n\t.custom-filter {\n\t\tmargin-top:-70px;\t\t\t\n\t}\n\t\t\n\t\t\n\t.custom-filter-form .filter-bar {\n\t\twidth: 100%;\n\t\tdisplay: flex;\n\t\tjustify-content: space-between;\n\t}\n\n\t.custom-filter-form .filter-bar .left-side {\n\t\tdisplay:flex;\n\t\tgap:20px;\n\t\tjustify-content:flex-start;\n\t}\n\t\n\t.custom-filter-form select,\n\t.custom-filter-form input {\n\t\tbackground: transparent;\n\t\tbox-shadow:none;\n\t\tborder: 0px;\n\t\twidth: auto;\n\t}\n\t\n\t.custom-post.split-layout {\n\t\tdisplay:flex;\n\t\talign-items:center;\n\t\toverflow: hidden;\n\t\tmin-height: 400px;\n\t\tmax-height:600px;\n\t\tcolor: #fff;\n\t}\n\t \n\t .custom-post.split-layout:first-child {\n\t\t border-radius:8px 8px 0px 0px;\n\t }\n\n\t .custom-post.split-layout:last-child {\n\t\t border-radius:0px 0px 8px 8px;\n\t }\n\t \n\t \n\t.custom-post.split-layout *{\n\t\tfont-family: Syne;\n\t\tfont-weight: 400;\t\t\t\n\t}\n\t\t\n\n\n\t.custom-post-image {\n\t\tbackground-size: cover;\n\t\tbackground-position: center;\n\t\tbackground-repeat:no-repeat;\n\t\theight: 100%;\n\t\twidth: 100%;\n\t\twidth:45%;\n\t}\n\n\t.custom-post-content {\n\t\twidth:55%;\n\t\tpadding: 2rem;\n\t\tpadding:5% 5% 5% 10%;\n\t\tdisplay: flex;\n\t\tgap:20px;\n\t\tflex-direction: column;\n\t\tjustify-content: center;\n\t}\n\t\t\n\t\n\t.custom-post.split-layout:nth-child(even) {\n\t\tflex-direction:row-reverse;\t\n\t}\n\t\n\t.custom-post.split-layout:nth-child(even) .custom-post-content {\n\t\twidth:45%;\n\t}\n\t\t\n\t.custom-post.split-layout:nth-child(even) .custom-post-image {\n\t\twidth:45%;\n\t}\n\t\t\n\t.custom-post.split-layout .custom-post-image img {\n\t\twidth:100%;\n\t\theight:100%;\n\t\tobject-fit:cover;\n\t}\n\t\t\n \t.custom-post-content .pre-title {\n\t\tfont-size: 18px;\n\t\tline-height: 1.3em;\n\t\tpadding:5px 10px;\n\t\tbackground: #E9FBA0;\t\n\t\tcolor: #00403D;\n\t\tdisplay:inline;\n\t\tborder-radius:8px;\n\t}\n\n\t .custom-post-content .post-title {\n\t\t margin-bottom:0px;\n\t }\n\t \n \t.custom-post-content .post-title a {\n\t\tfont-weight: 500;\n\t\tfont-size: 52px;\n\t\tline-height: 1em;\n\t\ttext-decoration:none;\n\t}\n\t\n\t.custom-post-content .after-title {\n\t\tfont-size: 20px;\n\t\tline-height: 1.3em;\n\t\tletter-spacing: 0%;\n\t}\n\t\t\n\t.custom-post-content .meta,\n\t.custom-post-content .author {\n\t\tfont-size: 0.9rem;\n\t\tmargin-top: 0.5rem;\n\t}\n\n\t.custom-post-content .read-button {\n\t\tmargin-top: 1.5rem;\n\t\tdisplay: inline-block;\n\t\tpadding: 0.6rem 1.2rem;\n\t\tborder: 2px solid #fff;\n\t\tborder-radius: 25px;\n\t\tcolor: #fff;\n\t\ttext-decoration: none;\n\t\tfont-weight: bold;\n\t}\n\n\n    .custom-post-content {\n        position: relative;\n        z-index: 1;\n    }\n\n\n\t .custom-post .meta.meta-cats,\n\t .custom-post  .meta.meta-tags {\n\t\tfont-size: 18px;\n\t\tline-height: 1.44em;\t\t\n\t }\n\n \t .custom-post .meta.meta-cats a.filter-cat,\n\t .custom-post  .meta.meta-tags a.filter-tag {\n\t\tfont-size: 14px;\n\t\tline-height: 1.85em;\n\t\tcolor:#ffffff;\n\t\tpadding:3px 5px;\n\t    border-radius: 8px;\n\t }\n\n \t .custom-post .meta.meta-cats a.filter-cat:hover,\n\t .custom-post  .meta.meta-tags a.filter-tag:hover {\n\t\tcolor:red;\n\t\tbackground:#ffffff;\n\t }\n\n\t \n\t .custom-post .author {\n        font-size: 0.875rem;\n        margin-top: 0.5rem;\n     }\n\n    .custom-filter-form {\n        display: flex;\n        flex-wrap: wrap;\n        gap: 1rem;\n        align-items: center;\n        margin-bottom: 1.5rem;\n    }\n\n\t.custom-post-content .author-box {\n\t\tdisplay: flex;\n\t\talign-items: center;\n\t\tmargin-top: 1rem;\n\t}\n\t.custom-post-content .author-img img {\n\t\twidth: 75px;\n\t\theight: 75px;\n\t\tborder-radius: 50%;\n\t\tobject-fit: cover;\n\t\tmargin-right: 10px;\n\t}\n\t.custom-post-content .author-info .author-name {\n\t\tfont-size: 18px;\n\t\tline-height: 1.44em;\n\t}\n\t \n\t.custom-post-content .author-info .author-designation {\n\t\tfont-size: 14px;\n\t\tline-height: 1.85em;\n\t}\n\n\t \n\t \n\t .custom-post-content .link {\n\t\t margin-top:30px;\n\t }\n\n\t.custom-post-content a.read-article {\n\t\tfont-size: 16px;\n\t\tline-height: 1.75em;\n\t\ttext-decoration:none;\n\t\tpadding: 15px 20px;\n\t\tborder-radius:50px;\n\t\tbackground: #E9FBA0;\n\t\tcolor: #00403D;\n\t\tdisplay: inline;\t\n\t\tmargin-top:30px;\n\t\ttransition:all 0.3s ease;\n\t }\n\t\n\t .custom-post-content a.read-article:hover {\n\/* \t\tborder-radius:8px;\t\n\t    box-shadow: 0 1px 15px #ffffff, inset 0 1px 0 transparent; *\/\n\t\tbackground:#ef5026; \n\t \tcolor: #ffffff;\n\t}\t\n\t \n\t.custom-filter-form input {\n\t\tpadding-left:40px !important;\t\t\t\n\t}\t\t\n\t\t\n\t.custom-filter-form .search {\n\t\tposition:relative;\n\t}\n\t\n\t.custom-filter-form .search-icon {\n\t\tposition:absolute;\n\t\tleft:10px;\n\t\ttop:50%;\n\t\ttransform:translateY(-50%);\n\t}\n\n\t.custom-filter-form input,\n\t.custom-filter-form input:focus {\n\t    background: transparent;\n\t\tbox-shadow:none;\n\t\twidth: auto;\n\t\tfont-size: 16px;\n\t\tline-height: 1.5em;\n\t\ttext-align: left;\n\t\tcolor: #00403D;\n\t\tborder:1px solid #00403D;\n\t\tborder-radius:8px;\n\t}\n\n\t\t\n\t.custom-filter-form input::placeholder {\n\t\tfont-size: 16px;\n\t\tline-height: 1.3em;\n\t\ttext-align: left;\n\t\tcolor: #00403D;\n\t}\n\t\t\n\t.custom-filter-form select {\n        background: transparent;\n\t\tbox-shadow:none;\n\t\tborder: 0px;\n\t\twidth: 100%;\n\t\tfont-size: 16px;\n\t\tline-height: 1.5em;\n\t\ttext-align: left;\n\t\tcolor: #00403D;\n\t\tmax-width:200px;\n    }\n\t \n\t .custom-filter-form select {\n\t\tbackground-color: transparent;\n\t\tborder: none;\n\t\tbox-shadow: none;\n\t\twidth: 100%;\n\t\tfont-size: 16px;\n\t\tline-height: 1.5em;\n\t\ttext-align: left;\n\t\tcolor: #00403D;\n\t\tmax-width: 200px;\n\n\t\t\/* Add these \n\t\t-webkit-appearance: none;\n\t\t-moz-appearance: none;\n\t\tappearance: none;*\/\n\t}\n\n    .pagination {\n        margin-top: 2rem;\n        text-align: center;\n    }\n\n    .pagination a {\n        padding: 0.5rem 1rem;\n        border: 1px solid #ccc;\n        margin: 0 0.25rem;\n        border-radius: 4px;\n        cursor: pointer;\n        text-decoration: none;\n        background: #f8f8f8;\n    }\n\n    .pagination a.active {\n        background: #000;\n        color: #fff;\n        font-weight: bold;\n    }\n\t\t\n\t\t\n\t@media (max-width: 768px) {\n\t\t\n\t\n\t  .custom-post.split-layout,\n  \t  .custom-post.split-layout:nth-child(even) {\n\t\tflex-direction:column;\n\t\tmax-height:unset;\n\t  }\n\n\t  .custom-post-grid .image-col,\n\t  .custom-post-grid .text-col {\n\t\twidth:100%;\n\t  }\n\t\t\n\t.custom-post.split-layout:nth-child(even) {\n\t\tflex-direction:column;\n\t}\n\t\n\t.custom-post.split-layout:nth-child(even) .custom-post-content ,\n\t.custom-post.split-layout:nth-child(even) .custom-post-image {\n\t\twidth:100%;\n\t}\n\t\t\n\t\n\t  \/* Adjust split layout widths for stacking *\/\n\t\t.custom-post.split-layout .custom-post-image {\n\t\t\twidth: 100%;\n\t\t\tmax-height:145px;\t\n\t\t\toverflow:hidden;\n\t\t}\n\t\t\n\t  .custom-post.split-layout .custom-post-content {\n\t\twidth: 100%;\n\t\tpadding: 50px 15px;\n\t  }\n\n\t  \/* Author box on mobile *\/\n\t  .custom-post-content .author-box {\n\t\tflex-direction: column;\n\t\talign-items: flex-start;\n\t\tgap: 10px;\n\t  }\n\n\t  .custom-post-content .author-img img {\n\t\twidth: 60px;\n\t\theight: 60px;\n\t\tmargin-right: 0;\n\t  }\n\n\t  .custom-post-content .author-info .author-name {\n\t\tfont-size: 16px;\n\t  }\n\n\t  .custom-post-content .author-info .author-designation {\n\t\tfont-size: 13px;\n\t  }\n\n\t  \/* Post title and text adjustments *\/\n\t  .custom-post-content .post-title a {\n\t\tfont-size: 32px;\n\t  }\n\n\t  .custom-post-content .after-title {\n\t\tfont-size: 16px;\n\t  }\n\n\t  .custom-post-content .pre-title {\n\t\tfont-size: 14px;\n\t  }\n\n\t .custom-post-content a.read-article {\n\t\tpadding: 12px 16px;\n\t\tbackground: transparent;\n\t\tborder:1px solid #E9FBA0;\n\t\tcolor: #E9FBA0;\n\t\tdisplay: inline;\t\n\t }\n\n\t .custom-post-content a.read-article:hover {\n\t\t border-radius:8px;\t\n\t\t box-shadow: 0 1px 15px #ffffff, inset 0 1px 0 transparent;\n\t}\t\n\n\t  .custom-filter-form {\n\t\tflex-direction: column;\n\t\talign-items: stretch;\n\t\tgap: 0.75rem;\n\t  }\n\n\t  .custom-filter-form select,\n\t  .custom-filter-form input {\n\t\twidth: 100%;\n\t\tmax-width: 100%;\n\t  }\n\n\t  .pagination {\n\t\tfont-size: 14px;\n\t  }\n\n\t}\n\n    <\/style>\n\n    <div class=\"custom-filter\">\n\t<!-- \t<form id=\"blog-filter-form\" class=\"custom-filter-form ast-container\">\t -->\n        <form id=\"blog-filter-form\" class=\"custom-filter-form\" action=\"\">\n            <div class=\"filter-bar\">\n                <div class=\"left-side\">\n                    <select name=\"category\">\n                        <option value=\"\">Cat\u00e9gories<\/option>\n                                                    <option value=\"uncategorized\">Uncategorized<\/option>\n                                            <\/select>\n\t\t\t\t\t                <\/div>\n                <div class=\"right-side\">\n                    <div class=\"search\">\n                        <img decoding=\"async\" class=\"search-icon\" src=\"https:\/\/biomass-centrale-staging.mystagingwebsite.com\/wp-content\/uploads\/2025\/06\/search.png\" alt=\"\">\n                        <input type=\"text\" name=\"search\" placeholder=\"Rechercher...\" \/>\n                    <\/div>\n                <\/div>\n            <\/div>\n        <input type=\"hidden\" name=\"trp-form-language\" value=\"fr\"\/><\/form>  \n\n        <div id=\"blog-results\" class=\"custom-blog-section\">Loading posts...<\/div>\n        <div id=\"blog-pagination\" class=\"pagination\"><\/div>\n    <\/div>\n\n\t<script>\n\t(function($){\n\t\tfunction fetchPosts(page = 1, pushState = true) {\n\t\t\tconst form = $('#blog-filter-form');\n\t\t\tconst formData = form.serialize() + '&action=custom_blog_filter&page=' + page;\n\n\t\t\t\/\/ Update URL\n\t\t\tif (pushState) {\n\t\t\t\tconst url = new URL(window.location);\n\t\t\t\tconst formObj = new URLSearchParams(form.serialize());\n\t\t\t\turl.search = formObj.toString();\n\t\t\t\thistory.pushState(null, '', url);\n\t\t\t}\n\n\t\t\t$.post('https:\/\/biomasscentrale.com\/wp-admin\/admin-ajax.php', formData, function(response) {\n\t\t\t\t$('#blog-results').html(response.posts);\n\t\t\t\t$('#blog-pagination').html(response.pagination);\n\t\t\t}, 'json');\n\t\t}\n\n\t\t\/\/ Restore form fields from URL params\n\t\tfunction populateFiltersFromURL() {\n\t\t\tconst params = new URLSearchParams(window.location.search);\n\t\t\tconst category = params.get('category');\n\t\t\tconst tag = params.get('tag');\n\t\t\tconst search = params.get('search');\n\n\t\t\tif (category) $('select[name=\"category\"]').val(category);\n\t\t\tif (tag) $('select[name=\"tag\"]').val(tag);\n\t\t\tif (search) $('input[name=\"search\"]').val(search);\n\t\t}\n\n\t\t$(document).ready(function(){\n\t\t\tpopulateFiltersFromURL();\n\t\t\tfetchPosts(1, false); \/\/ Do not pushState on initial load\n\n\t\t\t$('#blog-filter-form select').on('change', function() {\n\t\t\t\tfetchPosts(1);\n\t\t\t});\n\n\t\t\t$('#blog-filter-form input[name=\"search\"]').on('keypress', function(e) {\n\t\t\t\tif (e.which === 13) {\n\t\t\t\t\te.preventDefault();\n\t\t\t\t\tfetchPosts(1);\n\t\t\t\t}\n\t\t\t});\n\n\t\t\t$(document).on('click', '.pagination a', function(e){\n\t\t\t\te.preventDefault();\n\t\t\t\tconst page = $(this).data('page');\n\t\t\t\tfetchPosts(page);\n\t\t\t});\n\n\t\t\t$(document).on('click', '.filter-cat', function(e) {\n\t\t\t\te.preventDefault();\n\t\t\t\tconst catSlug = $(this).data('cat-slug');\n\t\t\t\t$('select[name=\"category\"]').val(catSlug).trigger('change');\n\t\t\t});\n\n\t\t\t$(document).on('click', '.filter-tag', function(e) {\n\t\t\t\te.preventDefault();\n\t\t\t\tconst tagSlug = $(this).data('tag-slug');\n\t\t\t\t$('select[name=\"tag\"]').val(tagSlug).trigger('change');\n\t\t\t});\n\n\t\t});\n\t})(jQuery);\n\t<\/script>\n\n\n    <\/div>\n\t\t\t\t\t\t<\/div>\n\t\t\t\t<\/div>\n\t\t\t\t<\/div>\n\t\t\t\t<\/div>","protected":false},"excerpt":{"rendered":"<p>Biomass Centrale Insights &amp; Strategies Data, decisions, and dynamics shaping biomass supply chains. Please enable JavaScript in your browser to complete this form.Please enable JavaScript in your browser to complete this form.Email * Subscribe<\/p>","protected":false},"author":1,"featured_media":0,"parent":0,"menu_order":0,"comment_status":"closed","ping_status":"closed","template":"","meta":{"_acf_changed":false,"site-sidebar-layout":"no-sidebar","site-content-layout":"","ast-site-content-layout":"full-width-container","site-content-style":"default","site-sidebar-style":"default","ast-global-header-display":"","ast-banner-title-visibility":"","ast-main-header-display":"","ast-hfb-above-header-display":"","ast-hfb-below-header-display":"","ast-hfb-mobile-header-display":"","site-post-title":"disabled","ast-breadcrumbs-content":"","ast-featured-img":"disabled","footer-sml-layout":"","theme-transparent-header-meta":"","adv-header-id-meta":"","stick-header-meta":"","header-above-stick-meta":"","header-main-stick-meta":"","header-below-stick-meta":"","astra-migrate-meta-layouts":"default","ast-page-background-enabled":"default","ast-page-background-meta":{"desktop":{"background-color":"var(--ast-global-color-5)","background-image":"","background-repeat":"repeat","background-position":"center center","background-size":"auto","background-attachment":"scroll","background-type":"","background-media":"","overlay-type":"","overlay-color":"","overlay-opacity":"","overlay-gradient":""},"tablet":{"background-color":"","background-image":"","background-repeat":"repeat","background-position":"center center","background-size":"auto","background-attachment":"scroll","background-type":"","background-media":"","overlay-type":"","overlay-color":"","overlay-opacity":"","overlay-gradient":""},"mobile":{"background-color":"","background-image":"","background-repeat":"repeat","background-position":"center center","background-size":"auto","background-attachment":"scroll","background-type":"","background-media":"","overlay-type":"","overlay-color":"","overlay-opacity":"","overlay-gradient":""}},"ast-content-background-meta":{"desktop":{"background-color":"var(--ast-global-color-4)","background-image":"","background-repeat":"repeat","background-position":"center center","background-size":"auto","background-attachment":"scroll","background-type":"","background-media":"","overlay-type":"","overlay-color":"","overlay-opacity":"","overlay-gradient":""},"tablet":{"background-color":"var(--ast-global-color-4)","background-image":"","background-repeat":"repeat","background-position":"center center","background-size":"auto","background-attachment":"scroll","background-type":"","background-media":"","overlay-type":"","overlay-color":"","overlay-opacity":"","overlay-gradient":""},"mobile":{"background-color":"var(--ast-global-color-4)","background-image":"","background-repeat":"repeat","background-position":"center center","background-size":"auto","background-attachment":"scroll","background-type":"","background-media":"","overlay-type":"","overlay-color":"","overlay-opacity":"","overlay-gradient":""}},"footnotes":""},"class_list":["post-2441","page","type-page","status-publish","hentry"],"acf":[],"_links":{"self":[{"href":"https:\/\/biomasscentrale.com\/fr\/wp-json\/wp\/v2\/pages\/2441","targetHints":{"allow":["GET"]}}],"collection":[{"href":"https:\/\/biomasscentrale.com\/fr\/wp-json\/wp\/v2\/pages"}],"about":[{"href":"https:\/\/biomasscentrale.com\/fr\/wp-json\/wp\/v2\/types\/page"}],"author":[{"embeddable":true,"href":"https:\/\/biomasscentrale.com\/fr\/wp-json\/wp\/v2\/users\/1"}],"replies":[{"embeddable":true,"href":"https:\/\/biomasscentrale.com\/fr\/wp-json\/wp\/v2\/comments?post=2441"}],"version-history":[{"count":16,"href":"https:\/\/biomasscentrale.com\/fr\/wp-json\/wp\/v2\/pages\/2441\/revisions"}],"predecessor-version":[{"id":3164,"href":"https:\/\/biomasscentrale.com\/fr\/wp-json\/wp\/v2\/pages\/2441\/revisions\/3164"}],"wp:attachment":[{"href":"https:\/\/biomasscentrale.com\/fr\/wp-json\/wp\/v2\/media?parent=2441"}],"curies":[{"name":"wp","href":"https:\/\/api.w.org\/{rel}","templated":true}]}}